{"id":193,"date":"2024-11-13T15:11:07","date_gmt":"2024-11-13T15:11:07","guid":{"rendered":"https:\/\/cristalwind.com\/politica-de-privacidad\/"},"modified":"2024-11-26T22:25:39","modified_gmt":"2024-11-26T22:25:39","slug":"politica-de-privacidad","status":"publish","type":"page","link":"https:\/\/cristalwind.com\/es\/politica-de-privacidad\/","title":{"rendered":"Pol\u00edtica de privacidad"},"content":{"rendered":"\n<p><strong>Introducci\u00f3n<\/strong><\/p>\n\n<p>CristalWind (\u00abnosotros\u00bb, \u00abnuestro\u00bb o \u00abnos\u00bb) se compromete a proteger y respetar tu privacidad. Esta Pol\u00edtica de Privacidad explica c\u00f3mo recogemos, utilizamos, revelamos y salvaguardamos tu informaci\u00f3n cuando visitas nuestro sitio web [Your Website URL], de conformidad con el Reglamento General de Protecci\u00f3n de Datos (RGPD).<\/p>\n\n<p><strong>Informaci\u00f3n que recogemos<\/strong><\/p>\n\n<p>Podemos recoger y procesar los siguientes datos sobre ti:<\/p>\n\n<ul class=\"wp-block-list\">\n<li><strong>Informaci\u00f3n de identificaci\u00f3n personal:<\/strong> Nombre, direcci\u00f3n de correo electr\u00f3nico, n\u00famero de tel\u00e9fono, etc.<\/li>\n\n\n\n<li><strong>Datos t\u00e9cnicos:<\/strong> Direcci\u00f3n IP, tipo y versi\u00f3n del navegador, configuraci\u00f3n de la zona horaria, tipos y versiones de los complementos del navegador, sistema operativo y plataforma, y otras tecnolog\u00edas de los dispositivos que utilizas para acceder a este sitio web.<\/li>\n\n\n\n<li><strong>Datos de uso:<\/strong> Informaci\u00f3n sobre c\u00f3mo utilizas nuestro sitio web, productos y servicios.<\/li>\n<\/ul>\n\n<p><strong>C\u00f3mo utilizamos tu informaci\u00f3n<\/strong><\/p>\n\n<p>Utilizamos la informaci\u00f3n que recogemos de las siguientes maneras:<\/p>\n\n<ul class=\"wp-block-list\">\n<li>Para proporcionar, operar y mantener nuestro sitio web.<\/li>\n\n\n\n<li>Para mejorar, personalizar y ampliar nuestro sitio web.<\/li>\n\n\n\n<li>Para comprender y analizar c\u00f3mo utilizas nuestro sitio web.<\/li>\n\n\n\n<li>Para desarrollar nuevos productos, servicios, prestaciones,<\/li>\n<\/ul>\n","protected":false},"excerpt":{"rendered":"<p>Introducci\u00f3n CristalWind (\u00abnosotros\u00bb, \u00abnuestro\u00bb o \u00abnos\u00bb) se compromete a proteger y respetar tu privacidad. Esta Pol\u00edtica de Privacidad explica c\u00f3mo recogemos, utilizamos, revelamos y salvaguardamos tu informaci\u00f3n cuando visitas nuestro sitio web [Your Website URL], de conformidad con el Reglamento General de Protecci\u00f3n de Datos (RGPD). Informaci\u00f3n que recogemos Podemos recoger y procesar los siguientes [&hellip;]<\/p>\n","protected":false},"author":2,"featured_media":0,"parent":0,"menu_order":100,"comment_status":"closed","ping_status":"closed","template":"","meta":{"footnotes":""},"class_list":["post-193","page","type-page","status-publish","hentry"],"_links":{"self":[{"href":"https:\/\/cristalwind.com\/es\/wp-json\/wp\/v2\/pages\/193","targetHints":{"allow":["GET"]}}],"collection":[{"href":"https:\/\/cristalwind.com\/es\/wp-json\/wp\/v2\/pages"}],"about":[{"href":"https:\/\/cristalwind.com\/es\/wp-json\/wp\/v2\/types\/page"}],"author":[{"embeddable":true,"href":"https:\/\/cristalwind.com\/es\/wp-json\/wp\/v2\/users\/2"}],"replies":[{"embeddable":true,"href":"https:\/\/cristalwind.com\/es\/wp-json\/wp\/v2\/comments?post=193"}],"version-history":[{"count":2,"href":"https:\/\/cristalwind.com\/es\/wp-json\/wp\/v2\/pages\/193\/revisions"}],"predecessor-version":[{"id":253,"href":"https:\/\/cristalwind.com\/es\/wp-json\/wp\/v2\/pages\/193\/revisions\/253"}],"wp:attachment":[{"href":"https:\/\/cristalwind.com\/es\/wp-json\/wp\/v2\/media?parent=193"}],"curies":[{"name":"wp","href":"https:\/\/api.w.org\/{rel}","templated":true}]}}