{"id":194,"date":"2024-11-13T15:06:59","date_gmt":"2024-11-13T15:06:59","guid":{"rendered":"https:\/\/cristalwind.com\/aviso-legal\/"},"modified":"2024-11-26T22:25:37","modified_gmt":"2024-11-26T22:25:37","slug":"aviso-legal","status":"publish","type":"page","link":"https:\/\/cristalwind.com\/es\/aviso-legal\/","title":{"rendered":"Aviso legal"},"content":{"rendered":"\n<p><strong>Nombre de la empresa:<\/strong> CristalWind<\/p>\n\n<p><strong>Domicilio Social:<\/strong> Calle Luxemburgo 1, 03710 Calpe &#8211; Alicante &#8211; Espa\u00f1a<\/p>\n\n<p><strong>Correo electr\u00f3nico:<\/strong> info@cristalwind.com<\/p>\n\n<p><strong>N\u00famero de IVA:<\/strong> X5974408C<\/p>\n\n<p><strong>Descargo de responsabilidad:<\/strong> La informaci\u00f3n proporcionada en este sitio web s\u00f3lo tiene fines informativos generales. Aunque nos esforzamos por mantener la informaci\u00f3n actualizada y correcta, no hacemos declaraciones ni ofrecemos garant\u00edas de ning\u00fan tipo, expresas o impl\u00edcitas, sobre la integridad, exactitud, fiabilidad, adecuaci\u00f3n o disponibilidad con respecto al sitio web o a la informaci\u00f3n, productos, servicios o gr\u00e1ficos relacionados contenidos en el sitio web para cualquier fin. Por lo tanto, cualquier confianza que deposites en dicha informaci\u00f3n es estrictamente por tu cuenta y riesgo.  <\/p>\n\n<p><\/p>\n","protected":false},"excerpt":{"rendered":"<p>Nombre de la empresa: CristalWind Domicilio Social: Calle Luxemburgo 1, 03710 Calpe &#8211; Alicante &#8211; Espa\u00f1a Correo electr\u00f3nico: info@cristalwind.com N\u00famero de IVA: X5974408C Descargo de responsabilidad: La informaci\u00f3n proporcionada en este sitio web s\u00f3lo tiene fines informativos generales. Aunque nos esforzamos por mantener la informaci\u00f3n actualizada y correcta, no hacemos declaraciones ni ofrecemos garant\u00edas de [&hellip;]<\/p>\n","protected":false},"author":2,"featured_media":0,"parent":0,"menu_order":99,"comment_status":"closed","ping_status":"closed","template":"","meta":{"footnotes":""},"class_list":["post-194","page","type-page","status-publish","hentry"],"_links":{"self":[{"href":"https:\/\/cristalwind.com\/es\/wp-json\/wp\/v2\/pages\/194","targetHints":{"allow":["GET"]}}],"collection":[{"href":"https:\/\/cristalwind.com\/es\/wp-json\/wp\/v2\/pages"}],"about":[{"href":"https:\/\/cristalwind.com\/es\/wp-json\/wp\/v2\/types\/page"}],"author":[{"embeddable":true,"href":"https:\/\/cristalwind.com\/es\/wp-json\/wp\/v2\/users\/2"}],"replies":[{"embeddable":true,"href":"https:\/\/cristalwind.com\/es\/wp-json\/wp\/v2\/comments?post=194"}],"version-history":[{"count":2,"href":"https:\/\/cristalwind.com\/es\/wp-json\/wp\/v2\/pages\/194\/revisions"}],"predecessor-version":[{"id":252,"href":"https:\/\/cristalwind.com\/es\/wp-json\/wp\/v2\/pages\/194\/revisions\/252"}],"wp:attachment":[{"href":"https:\/\/cristalwind.com\/es\/wp-json\/wp\/v2\/media?parent=194"}],"curies":[{"name":"wp","href":"https:\/\/api.w.org\/{rel}","templated":true}]}}